{"id":8,"date":"2021-06-10T23:56:45","date_gmt":"2021-06-10T21:56:45","guid":{"rendered":"https:\/\/conte-fund.org\/?page_id=8"},"modified":"2021-07-04T09:46:06","modified_gmt":"2021-07-04T07:46:06","slug":"accueil","status":"publish","type":"page","link":"https:\/\/conte-fund.org\/","title":{"rendered":"Accueil"},"content":{"rendered":"\n<p>Bonjour et Bienvenue sur le site Web du Fonds de Dotation Madeleine et Rolland Conte (FMRC) !<\/p>\n\n\n\n<p>Le FONDS a pour objet le soutien et le d\u00e9veloppement de toute activit\u00e9 d\u2019int\u00e9r\u00eat g\u00e9n\u00e9ral \u00e0 caract\u00e8re scientifique ayant pour objectifs, la valorisation des recherches et d\u00e9veloppements scientifiques et techniques relevant de l\u2019Hom\u00e9opathie (m\u00e9decine Analogique selon HAHNEMANN), la mod\u00e9lisation math\u00e9matique et le d\u00e9veloppement de syst\u00e8mes informatiques de diagnostique dans ce m\u00eame domaine, le d\u00e9veloppement de la m\u00e9dication hom\u00e9opathique aupr\u00e8s des professionnels du monde de la sant\u00e9 (laboratoires, prescripteurs\u2026), ainsi qu\u2019aupr\u00e8s des malades et du grand public, l\u2019exploration des voies ouvertes par l\u2019Hom\u00e9opathie, la progression des connaissances scientifiques et m\u00e9dicales dans ce domaine, et plus g\u00e9n\u00e9ralement le soutien des programmes de recherches scientifiques contribuant au d\u00e9veloppement de la M\u00e9decine tant humaine que v\u00e9t\u00e9rinaire, mais \u00e9galement  le d\u00e9veloppement des v\u00e9g\u00e9taux et des traitements favorisants leur croissance, culture et d\u00e9fense, dans le respect des pr\u00e9occupations environnementales.<\/p>\n\n\n\n<p><\/p>\n\n\n\n<p>Nous vous souhaitons une bonne lecture.<\/p>\n\n\n\n<p>Mag. Hans Georg ANDRAS, pr\u00e9sident du Fonds. <\/p>\n","protected":false},"excerpt":{"rendered":"<p>Bonjour et Bienvenue sur le site Web du Fonds de Dotation Madeleine et Rolland Conte (FMRC) ! Le FONDS a pour objet le soutien et le d\u00e9veloppement de toute activit\u00e9 d\u2019int\u00e9r\u00eat g\u00e9n\u00e9ral \u00e0 caract\u00e8re scientifique ayant pour objectifs, la valorisation des recherches et d\u00e9veloppements scientifiques et techniques relevant de l\u2019Hom\u00e9opathie (m\u00e9decine Analogique selon HAHNEMANN), la &hellip; <\/p>\n<p class=\"link-more\"><a href=\"https:\/\/conte-fund.org\/\" class=\"more-link\">Continuer la lecture <span class=\"screen-reader-text\"> \u00ab\u00a0Accueil\u00a0\u00bb<\/span><\/a><\/p>\n","protected":false},"author":1,"featured_media":0,"parent":0,"menu_order":0,"comment_status":"closed","ping_status":"closed","template":"","meta":{"footnotes":""},"class_list":["post-8","page","type-page","status-publish","hentry","entry"],"_links":{"self":[{"href":"https:\/\/conte-fund.org\/index.php\/wp-json\/wp\/v2\/pages\/8","targetHints":{"allow":["GET"]}}],"collection":[{"href":"https:\/\/conte-fund.org\/index.php\/wp-json\/wp\/v2\/pages"}],"about":[{"href":"https:\/\/conte-fund.org\/index.php\/wp-json\/wp\/v2\/types\/page"}],"author":[{"embeddable":true,"href":"https:\/\/conte-fund.org\/index.php\/wp-json\/wp\/v2\/users\/1"}],"replies":[{"embeddable":true,"href":"https:\/\/conte-fund.org\/index.php\/wp-json\/wp\/v2\/comments?post=8"}],"version-history":[{"count":4,"href":"https:\/\/conte-fund.org\/index.php\/wp-json\/wp\/v2\/pages\/8\/revisions"}],"predecessor-version":[{"id":298,"href":"https:\/\/conte-fund.org\/index.php\/wp-json\/wp\/v2\/pages\/8\/revisions\/298"}],"wp:attachment":[{"href":"https:\/\/conte-fund.org\/index.php\/wp-json\/wp\/v2\/media?parent=8"}],"curies":[{"name":"wp","href":"https:\/\/api.w.org\/{rel}","templated":true}]}}