{"id":343,"date":"2021-07-18T15:35:35","date_gmt":"2021-07-18T13:35:35","guid":{"rendered":"https:\/\/conte-fund.org\/?page_id=343"},"modified":"2021-12-14T14:55:37","modified_gmt":"2021-12-14T12:55:37","slug":"mentions-legales","status":"publish","type":"page","link":"https:\/\/conte-fund.org\/index.php\/mentions-legales\/","title":{"rendered":"Mentions L\u00e9gales"},"content":{"rendered":"\n<h2 class=\"wp-block-heading\">Informations l\u00e9gales<\/h2>\n\n\n\n<h3 class=\"wp-block-heading\">1. Pr\u00e9sentation du site.<\/h3>\n\n\n\n<p>En vertu de l&rsquo;article 6 de la loi n\u00b0 2004-575 du 21 juin 2004 pour la confiance dans l&rsquo;\u00e9conomie num\u00e9rique, il est pr\u00e9cis\u00e9 aux utilisateurs du site <a href=\"\/\/conte-fund.org\/\">conte-fund.org<\/a> l&rsquo;identit\u00e9 des diff\u00e9rents intervenants dans le cadre de sa r\u00e9alisation et de son suivi :<\/p>\n\n\n\n<p><strong>Propri\u00e9taire<\/strong> : FONDS DE DOTATION Madeleine et Rolland CONTE (FMRC) \u2013 Fonds de Dotation \u2013 8 rue G\u00e9rard de Nerval 69330 MEYZIEU<br><strong>Cr\u00e9ateur<\/strong> : <a href=\"conte-fund.org\">FMRC<\/a><br><strong>Responsable publication<\/strong> : Gabriel VERNOT \u2013 info[at]conte-fund.org<br><strong>Webmaster<\/strong> : Gabriel VERNOT \u2013 info[at]conte-fund.org<br><strong>H\u00e9bergeur<\/strong> : Scaleway \u2013 8 rue de la Ville l\u2019Ev\u00eaque, 75008 Paris<\/p>\n\n\n\n<h3 class=\"wp-block-heading\">2. Conditions g\u00e9n\u00e9rales d\u2019utilisation du site et des services propos\u00e9s.<\/h3>\n\n\n\n<p>L\u2019utilisation du site <a href=\"\/\/conte-fund.org\/\">conte-fund.org<\/a> implique l\u2019acceptation pleine et enti\u00e8re des conditions g\u00e9n\u00e9rales d\u2019utilisation ci-apr\u00e8s d\u00e9crites. Ces conditions d\u2019utilisation sont susceptibles d\u2019\u00eatre modifi\u00e9es ou compl\u00e9t\u00e9es \u00e0 tout moment, les utilisateurs du site <a href=\"\/\/conte-fund.org\/\">conte-fund.org<\/a> sont donc invit\u00e9s \u00e0 les consulter de mani\u00e8re r\u00e9guli\u00e8re.<\/p>\n\n\n\n<p>Ce site est normalement accessible \u00e0 tout moment aux utilisateurs. Une interruption pour raison de maintenance technique peut \u00eatre toutefois d\u00e9cid\u00e9e par FONDS DE DOTATION Madeleine et Rolland CONTE (FMRC), qui s\u2019efforcera alors de communiquer pr\u00e9alablement aux utilisateurs les dates et heures de l\u2019intervention.<\/p>\n\n\n\n<p>Le site <a href=\"\/\/conte-fund.org\/\">conte-fund.org<\/a> est mis \u00e0 jour r\u00e9guli\u00e8rement par Gabriel VERNOT. De la m\u00eame fa\u00e7on, les mentions l\u00e9gales peuvent \u00eatre modifi\u00e9es \u00e0 tout moment : elles s\u2019imposent n\u00e9anmoins \u00e0 l\u2019utilisateur qui est invit\u00e9 \u00e0 s\u2019y r\u00e9f\u00e9rer le plus souvent possible afin d\u2019en prendre connaissance.<\/p>\n\n\n\n<h3 class=\"wp-block-heading\">3. Description des services fournis.<\/h3>\n\n\n\n<p>Le site <a href=\"\/\/conte-fund.org\/\">conte-fund.org<\/a> a pour objet de fournir une information concernant l\u2019ensemble des activit\u00e9s du FMRC.<\/p>\n\n\n\n<p>Le FONDS DE DOTATION Madeleine et Rolland CONTE (FMRC) s\u2019efforce de fournir sur le site <a href=\"\/\/conte-fund.org\/\">conte-fund.org<\/a> des informations aussi pr\u00e9cises que possible. Toutefois, il ne pourra \u00eatre tenu responsable des omissions, des inexactitudes et des carences dans la mise \u00e0 jour, qu\u2019elles soient de son fait ou du fait des tiers partenaires qui lui fournissent ces informations.<\/p>\n\n\n\n<p>Tous les informations indiqu\u00e9es sur le site <a href=\"\/\/conte-fund.org\/\">conte-fund.org<\/a> sont donn\u00e9es \u00e0 titre indicatif, et sont susceptibles d\u2019\u00e9voluer. Par ailleurs, les renseignements figurant sur le site <a href=\"\/\/conte-fund.org\/\">conte-fund.org<\/a> ne sont pas exhaustifs. Ils sont donn\u00e9s sous r\u00e9serve de modifications ayant \u00e9t\u00e9 apport\u00e9es depuis leur mise en ligne.<\/p>\n\n\n\n<h3 class=\"wp-block-heading\">4. Limitations contractuelles sur les donn\u00e9es techniques.<\/h3>\n\n\n\n<p>Le site utilise la technologie JavaScript.<\/p>\n\n\n\n<p>Le site Internet ne pourra \u00eatre tenu responsable de dommages mat\u00e9riels li\u00e9s \u00e0 l\u2019utilisation du site. De plus, l\u2019utilisateur du site s\u2019engage \u00e0 acc\u00e9der au site en utilisant un mat\u00e9riel r\u00e9cent, ne contenant pas de virus et avec un navigateur de derni\u00e8re g\u00e9n\u00e9ration mis-\u00e0-jour.<\/p>\n\n\n\n<h3 class=\"wp-block-heading\">5. Propri\u00e9t\u00e9 intellectuelle et contrefa\u00e7ons.<\/h3>\n\n\n\n<p>Le FONDS DE DOTATION Madeleine et Rolland CONTE (FMRC) est propri\u00e9taire des droits de propri\u00e9t\u00e9 intellectuelle ou d\u00e9tient les droits d\u2019usage sur tous les \u00e9l\u00e9ments accessibles sur le site, notamment les textes, images, graphismes, logos, ic\u00f4nes, sons, logiciels.<\/p>\n\n\n\n<p>Toute reproduction, repr\u00e9sentation, modification, publication, adaptation de tout ou partie des \u00e9l\u00e9ments du site, quel que soit le moyen ou le proc\u00e9d\u00e9 utilis\u00e9, est interdite, sauf autorisation \u00e9crite pr\u00e9alable de : FONDS DE DOTATION Madeleine et Rolland CONTE (FMRC).<\/p>\n\n\n\n<p>Toute exploitation non autoris\u00e9e du site ou de l\u2019un quelconque des \u00e9l\u00e9ments qu\u2019il contient sera consid\u00e9r\u00e9e comme constitutive d\u2019une contrefa\u00e7on et poursuivie conform\u00e9ment aux dispositions des articles L.335-2 et suivants du Code de Propri\u00e9t\u00e9 Intellectuelle.<\/p>\n\n\n\n<h3 class=\"wp-block-heading\">6. Limitations de responsabilit\u00e9.<\/h3>\n\n\n\n<p>Le FONDS DE DOTATION Madeleine et Rolland CONTE (FMRC) ne pourra \u00eatre tenu responsable des dommages directs et indirects caus\u00e9s au mat\u00e9riel de l\u2019utilisateur, lors de l\u2019acc\u00e8s au site conte-fund.org, et r\u00e9sultant soit de l\u2019utilisation d\u2019un mat\u00e9riel ne r\u00e9pondant pas aux sp\u00e9cifications indiqu\u00e9es au point 4, soit de l\u2019apparition d\u2019un bug ou d\u2019une incompatibilit\u00e9.<\/p>\n\n\n\n<p>Le FONDS DE DOTATION Madeleine et Rolland CONTE (FMRC) ne pourra \u00e9galement \u00eatre tenu responsable des dommages indirects (tels par exemple qu\u2019une perte de march\u00e9 ou perte d\u2019une chance) cons\u00e9cutifs \u00e0 l\u2019utilisation du site <a href=\"\/\/conte-fund.org\/\">conte-fund.org<\/a>.<\/p>\n\n\n\n<p>Des espaces interactifs (possibilit\u00e9 de poser des questions dans l\u2019espace contact) sont \u00e0 la disposition des utilisateurs. Le FONDS se r\u00e9serve le droit de supprimer, sans mise en demeure pr\u00e9alable, tout contenu d\u00e9pos\u00e9 dans cet espace qui contreviendrait \u00e0 la l\u00e9gislation applicable en France, en particulier aux dispositions relatives \u00e0 la protection des donn\u00e9es. Le cas \u00e9ch\u00e9ant, le FONDS se r\u00e9serve \u00e9galement la possibilit\u00e9 de mettre en cause la responsabilit\u00e9 civile et\/ou p\u00e9nale de l\u2019utilisateur, notamment en cas de message \u00e0 caract\u00e8re raciste, injurieux, diffamant, ou pornographique, quel que soit le support utilis\u00e9 (texte, photographie\u2026).<\/p>\n\n\n\n<p>En acc\u00e9dant au Site Web, en l\u2019utilisant et\/ou en envoyant un courrier \u00e9lectronique au FONDS, au moyen&nbsp;du formulaire de contact ou en utilisant l&rsquo;adresse mail se trouvant sur le Site Web, tout utilisateur &nbsp;d\u00e9clare et garantit qu\u2019il a pris pr\u00e9alablement connaissance des pr\u00e9sentes conditions juridiques et qu\u2019il les accepte tacitement et sans r\u00e9serve.&nbsp;Le Site Web&nbsp;et les donn\u00e9es, informations, documents et publications accessibles, pr\u00e9sent\u00e9s ou t\u00e9l\u00e9chargeables \u00e0 partir du Site Web, n\u2019ont qu\u2019une vocation d\u2019information g\u00e9n\u00e9rale non exhaustive sur  le FONDS  et ne peuvent en aucun cas \u00eatre consid\u00e9r\u00e9s comme constituant un acte de conseil juridique, un d\u00e9marchage, une sollicitation et\/ou une offre de services.&nbsp;Les donn\u00e9es \u00e0 caract\u00e8re personnel&nbsp;relatives aux membres  du FONDS  ,&nbsp;qui sont rendues accessibles sur le Site Web, ne peuvent \u00eatre collect\u00e9es et faire l&rsquo;objet d&rsquo;un traitement sans l&rsquo;accord pr\u00e9alable et \u00e9crit de la personne concern\u00e9e. En particulier, chaque Utilisateur s&rsquo;interdit de collecter et d&rsquo;utiliser, de mani\u00e8re manuelle ou automatis\u00e9e, ces donn\u00e9es \u00e0 caract\u00e8re personnel pour envoyer des messages publicitaires ou de quelque autre nature qui n&rsquo;auraient pas de relation avec les activit\u00e9s du FONDS  et de ses membres.&nbsp;&nbsp;<\/p>\n\n\n\n<p>Le Site Web  <a href=\"http:\/\/conte-fund.org\">  <\/a><a href=\"\/\/conte-fund.org\/\">conte-fund.org<\/a>,\u00a0et chacun des \u00e9l\u00e9ments qui le composent, notamment les textes, articles, lettres d&rsquo;information, brochures, plans, images, illustrations, photographies, bases de donn\u00e9es, logiciels, animations, etc. sont prot\u00e9g\u00e9s par le droit de la propri\u00e9t\u00e9 intellectuelle.<strong>\u00a0 le FMRC  d\u00e9tient le droit d\u2019utilisation<\/strong>\u00a0de toutes les photographies reproduites sur le Site Web.\u00a0\u00a0<br>La reproduction totale ou partielle des \u00e9l\u00e9ments de propri\u00e9t\u00e9 intellectuelle est interdite.\u00a0L\u2019Utilisateur n\u2019est autoris\u00e9 qu\u2019\u00e0 repr\u00e9senter les pages du Site Web sur son \u00e9cran et n\u2019est autoris\u00e9 \u00e0 reproduire les \u00e9l\u00e9ments de propri\u00e9t\u00e9 intellectuelle du Site Web qu\u2019\u00e0 titre temporaire aux seules fins de consultation du site Web.<br>Le Site Web est en effet r\u00e9serv\u00e9 \u00e0 l\u2019usage priv\u00e9 de chaque Utilisateur. Chaque Utilisateur est le seul responsable de l\u2019usage qu\u2019il fait des informations fournies \u00e0 partir du Site Web et le FONDS ne pourra en aucun cas \u00eatre tenu responsable de tous dommages directs ou indirects d\u00e9coulant de l\u2019utilisation de ces informations par l\u2019Utilisateur.  Le FONDS ne saurait en effet garantir l\u2019exactitude, l\u2019exhaustivit\u00e9 ou l\u2019actualit\u00e9 des informations pr\u00e9sentes sur le Site Web. \u00a0<\/p>\n\n\n\n<p>Par ailleurs, le FONDS ne garantit pas que le Site Web sera accessible de mani\u00e8re continue.&nbsp;<\/p>\n\n\n\n<h3 class=\"wp-block-heading\">7. Gestion des donn\u00e9es personnelles.<\/h3>\n\n\n\n<p>En France, les donn\u00e9es personnelles sont notamment prot\u00e9g\u00e9es par la loi n\u00b0 78-87 du 6 janvier 1978, la loi n\u00b0 2004-801 du 6 ao\u00fbt 2004, l&rsquo;article L. 226-13 du Code p\u00e9nal et la Directive Europ\u00e9enne du 24 octobre 1995.<\/p>\n\n\n\n<p>A l&rsquo;occasion de l&rsquo;utilisation du site <a href=\"\/\/conte-fund.org\/\">conte-fund.org<\/a>, peuvent \u00eatres recueillies : l&rsquo;URL des liens par l&rsquo;interm\u00e9diaire desquels l&rsquo;utilisateur a acc\u00e9d\u00e9 au site <a href=\"\/\/conte-fund.org\/\">conte-fund.org<\/a>, le fournisseur d&rsquo;acc\u00e8s de l&rsquo;utilisateur, l&rsquo;adresse de protocole Internet (IP) de l&rsquo;utilisateur.<\/p>\n\n\n\n<p>En tout \u00e9tat de cause FONDS DE DOTATION Madeleine et Rolland CONTE (FMRC) ne collecte des informations personnelles relatives \u00e0 l&rsquo;utilisateur que pour le besoin de certains services propos\u00e9s par le site <a href=\"\/\/conte-fund.org\/\">conte-fund.org<\/a>. L&rsquo;utilisateur fournit ces informations en toute connaissance de cause, notamment lorsqu&rsquo;il proc\u00e8de par lui-m\u00eame \u00e0 leur saisie. Il est alors pr\u00e9cis\u00e9 \u00e0 l&rsquo;utilisateur du site <a href=\"\/\/conte-fund.org\/\">conte-fund.org<\/a> l\u2019obligation ou non de fournir ces informations.<\/p>\n\n\n\n<p>Conform\u00e9ment aux dispositions des articles 38 et suivants de la loi 78-17 du 6 janvier 1978 relative \u00e0 l\u2019informatique, aux fichiers et aux libert\u00e9s, tout utilisateur dispose d\u2019un droit d\u2019acc\u00e8s, de rectification et d\u2019opposition aux donn\u00e9es personnelles le concernant, en effectuant sa demande \u00e9crite et sign\u00e9e, accompagn\u00e9e d\u2019une copie du titre d\u2019identit\u00e9 avec signature du titulaire de la pi\u00e8ce, en pr\u00e9cisant l\u2019adresse \u00e0 laquelle la r\u00e9ponse doit \u00eatre envoy\u00e9e.<\/p>\n\n\n\n<p>Aucune information personnelle de l&rsquo;utilisateur du site <a href=\"\/\/conte-fund.org\/\">conte-fund.org<\/a> n&rsquo;est publi\u00e9e \u00e0 l&rsquo;insu de l&rsquo;utilisateur, \u00e9chang\u00e9e, transf\u00e9r\u00e9e, c\u00e9d\u00e9e ou vendue sur un support quelconque \u00e0 des tiers. Seule l&rsquo;hypoth\u00e8se du rachat de FONDS DE DOTATION Madeleine et Rolland CONTE (FMRC) et de ses droits permettrait la transmission des dites informations \u00e0 l&rsquo;\u00e9ventuel acqu\u00e9reur qui serait \u00e0 son tour tenu de la m\u00eame obligation de conservation et de modification des donn\u00e9es vis \u00e0 vis de l&rsquo;utilisateur du site <a href=\"\/\/conte-fund.org\/\">conte-fund.org<\/a>.<\/p>\n\n\n\n<p>Les bases de donn\u00e9es sont prot\u00e9g\u00e9es par les dispositions de la loi du 1er juillet 1998 transposant la directive 96\/9 du 11 mars 1996 relative \u00e0 la protection juridique des bases de donn\u00e9es.<\/p>\n\n\n\n<p> Aucune information personnelle autre que celles demand\u00e9es dans ce cadre n\u2019est collect\u00e9e \u00e0 l&rsquo;insu de l&rsquo;utilisateur.\u00a0Les donn\u00e9es recueillies ne seront pas conserv\u00e9es plus de 3 ans.\u00a0Par ailleurs, les donn\u00e9es collect\u00e9es via\u00a0les traitements de donn\u00e9es \u00e0 caract\u00e8re personnel\u00a0du pr\u00e9sent site ne font l&rsquo;objet d&rsquo;aucun transfert en dehors du territoire de l&rsquo;Union Europ\u00e9enne.\u00a0<br>\u00c9galement, les donn\u00e9es transitant par le site font l&rsquo;objet d&rsquo;une attention de tous les instants quant \u00e0 leur s\u00e9curit\u00e9 et leur confidentialit\u00e9.\u00a0<br>Cependant, l&rsquo;utilisateur de ce site peut \u00e0 tout moment introduire une r\u00e9clamation aupr\u00e8s de la\u00a0Commission Nationale Informatique et Libert\u00e9s\u00a0(CNIL), autorit\u00e9 de contr\u00f4le fran\u00e7aise.\u00a0<br>Enfin, conform\u00e9ment aux\u00a0articles 15 et suivants du <strong>R\u00e8glement G\u00e9n\u00e9ral sur la Protection des Donn\u00e9es<\/strong>, l&rsquo;utilisateur de ce site b\u00e9n\u00e9ficie des droits d\u2019acc\u00e8s, de rectification, d&rsquo;effacement et de limitation portant sur les donn\u00e9es le concernant ainsi que du droit d&rsquo;opposition portant sur les traitements de donn\u00e9es op\u00e9r\u00e9s via le site Internet  <a href=\"\/\/conte-fund.org\/\">conte-fund.org<\/a>   et Associ\u00e9s en envoyant un courrier postal adress\u00e9 \u00e0 : <\/p>\n\n\n\n<p>FONDS DE DOTATION Madeleine et Rolland CONTE (FMRC) <br>8 rue G\u00e9rard de Nerval<br> 69330 MEYZIEU<br>ou par email :  <a href=\"info@conte-fund.org\">info[at]conte-fund.org<\/a> <\/p>\n\n\n\n<h3 class=\"wp-block-heading\">8. Liens hypertextes et cookies.<\/h3>\n\n\n\n<p>Le site <a href=\"\/\/conte-fund.org\/\">conte-fund.org<\/a> contient un certain nombre de liens hypertextes vers d\u2019autres sites, mis en place avec l\u2019autorisation de FONDS DE DOTATION Madeleine et Rolland CONTE (FMRC). Cependant, FONDS DE DOTATION Madeleine et Rolland CONTE (FMRC) n\u2019a pas la possibilit\u00e9 de v\u00e9rifier le contenu des sites ainsi visit\u00e9s, et n\u2019assumera en cons\u00e9quence aucune responsabilit\u00e9 de ce fait.<\/p>\n\n\n\n<p>La navigation sur le site <a href=\"\/\/conte-fund.org\/\">conte-fund.org<\/a> est susceptible de provoquer l\u2019installation de cookie(s) sur l\u2019ordinateur de l\u2019utilisateur. Un cookie est un fichier de petite taille, qui ne permet pas l\u2019identification de l\u2019utilisateur, mais qui enregistre des informations relatives \u00e0 la navigation d\u2019un ordinateur sur un site. Les donn\u00e9es ainsi obtenues visent \u00e0 faciliter la navigation ult\u00e9rieure sur le site, et ont \u00e9galement vocation \u00e0 permettre diverses mesures de fr\u00e9quentation.<\/p>\n\n\n\n<p>Le refus d\u2019installation d\u2019un cookie peut entra\u00eener l\u2019impossibilit\u00e9 d\u2019acc\u00e9der \u00e0 certains services. L\u2019utilisateur peut toutefois configurer son ordinateur de la mani\u00e8re suivante, pour refuser l\u2019installation des cookies :<\/p>\n\n\n\n<p>Sous Internet Explorer : onglet outil (pictogramme en forme de rouage en haut a droite) \/ options internet. Cliquez sur Confidentialit\u00e9 et choisissez Bloquer tous les cookies. Validez sur Ok.<\/p>\n\n\n\n<p>Sous Firefox : en haut de la fen\u00eatre du navigateur, cliquez sur le bouton Firefox, puis aller dans l&rsquo;onglet Options. Cliquer sur l&rsquo;onglet Vie priv\u00e9e. Param\u00e9trez les R\u00e8gles de conservation sur : utiliser les param\u00e8tres personnalis\u00e9s pour l&rsquo;historique. Enfin d\u00e9cochez-la pour d\u00e9sactiver les cookies.<\/p>\n\n\n\n<p>Sous Safari : Cliquez en haut \u00e0 droite du navigateur sur le pictogramme de menu (symbolis\u00e9 par un rouage). S\u00e9lectionnez Param\u00e8tres. Cliquez sur Afficher les param\u00e8tres avanc\u00e9s. Dans la section \u00ab\u00a0Confidentialit\u00e9\u00a0\u00bb, cliquez sur Param\u00e8tres de contenu. Dans la section \u00ab\u00a0Cookies\u00a0\u00bb, vous pouvez bloquer les cookies.<\/p>\n\n\n\n<p>Sous Chrome : Cliquez en haut \u00e0 droite du navigateur sur le pictogramme de menu (symbolis\u00e9 par trois lignes horizontales). S\u00e9lectionnez Param\u00e8tres. Cliquez sur Afficher les param\u00e8tres avanc\u00e9s. Dans la section \u00ab\u00a0Confidentialit\u00e9\u00a0\u00bb, cliquez sur pr\u00e9f\u00e9rences. Dans l&rsquo;onglet \u00ab\u00a0Confidentialit\u00e9\u00a0\u00bb, vous pouvez bloquer les cookies.<\/p>\n\n\n\n<h3 class=\"wp-block-heading\">9. Droit applicable et attribution de juridiction.<\/h3>\n\n\n\n<p>Tout litige en relation avec l\u2019utilisation du site <a href=\"\/\/conte-fund.org\/\">conte-fund.org<\/a> est soumis au droit fran\u00e7ais. Il est fait attribution exclusive de juridiction aux tribunaux comp\u00e9tents de Lyon.<\/p>\n\n\n\n<h3 class=\"wp-block-heading\">10. Les principales lois concern\u00e9es.<\/h3>\n\n\n\n<p>Loi n\u00b0 78-17 du 6 janvier 1978, notamment modifi\u00e9e par la loi n\u00b0 2004-801 du 6 ao\u00fbt 2004 relative \u00e0 l&rsquo;informatique, aux fichiers et aux libert\u00e9s.<\/p>\n\n\n\n<p>Loi n\u00b0 2004-575 du 21 juin 2004 pour la confiance dans l&rsquo;\u00e9conomie num\u00e9rique.<\/p>\n\n\n\n<h3 class=\"wp-block-heading\">11. Lexique.<\/h3>\n\n\n\n<p>Utilisateur : Internaute se connectant, utilisant le site susnomm\u00e9.<\/p>\n\n\n\n<p>Informations personnelles : \u00ab les informations qui permettent, sous quelque forme que ce soit, directement ou non, l&rsquo;identification des personnes physiques auxquelles elles s&rsquo;appliquent \u00bb (article 4 de la loi n\u00b0 78-17 du 6 janvier 1978).<\/p>\n","protected":false},"excerpt":{"rendered":"<p>Informations l\u00e9gales 1. Pr\u00e9sentation du site. En vertu de l&rsquo;article 6 de la loi n\u00b0 2004-575 du 21 juin 2004 pour la confiance dans l&rsquo;\u00e9conomie num\u00e9rique, il est pr\u00e9cis\u00e9 aux utilisateurs du site conte-fund.org l&rsquo;identit\u00e9 des diff\u00e9rents intervenants dans le cadre de sa r\u00e9alisation et de son suivi : Propri\u00e9taire : FONDS DE DOTATION Madeleine &hellip; <\/p>\n<p class=\"link-more\"><a href=\"https:\/\/conte-fund.org\/index.php\/mentions-legales\/\" class=\"more-link\">Continuer la lecture <span class=\"screen-reader-text\"> \u00ab\u00a0Mentions L\u00e9gales\u00a0\u00bb<\/span><\/a><\/p>\n","protected":false},"author":1,"featured_media":0,"parent":0,"menu_order":0,"comment_status":"closed","ping_status":"closed","template":"","meta":{"footnotes":""},"class_list":["post-343","page","type-page","status-publish","hentry","entry"],"_links":{"self":[{"href":"https:\/\/conte-fund.org\/index.php\/wp-json\/wp\/v2\/pages\/343","targetHints":{"allow":["GET"]}}],"collection":[{"href":"https:\/\/conte-fund.org\/index.php\/wp-json\/wp\/v2\/pages"}],"about":[{"href":"https:\/\/conte-fund.org\/index.php\/wp-json\/wp\/v2\/types\/page"}],"author":[{"embeddable":true,"href":"https:\/\/conte-fund.org\/index.php\/wp-json\/wp\/v2\/users\/1"}],"replies":[{"embeddable":true,"href":"https:\/\/conte-fund.org\/index.php\/wp-json\/wp\/v2\/comments?post=343"}],"version-history":[{"count":7,"href":"https:\/\/conte-fund.org\/index.php\/wp-json\/wp\/v2\/pages\/343\/revisions"}],"predecessor-version":[{"id":394,"href":"https:\/\/conte-fund.org\/index.php\/wp-json\/wp\/v2\/pages\/343\/revisions\/394"}],"wp:attachment":[{"href":"https:\/\/conte-fund.org\/index.php\/wp-json\/wp\/v2\/media?parent=343"}],"curies":[{"name":"wp","href":"https:\/\/api.w.org\/{rel}","templated":true}]}}