{"id":21,"date":"2021-06-10T23:58:54","date_gmt":"2021-06-10T21:58:54","guid":{"rendered":"https:\/\/conte-fund.org\/?page_id=21"},"modified":"2021-07-04T14:27:33","modified_gmt":"2021-07-04T12:27:33","slug":"nos-fondateurs","status":"publish","type":"page","link":"https:\/\/conte-fund.org\/index.php\/nos-fondateurs\/","title":{"rendered":"Nos Fondateurs"},"content":{"rendered":"\t\t<div data-elementor-type=\"wp-page\" data-elementor-id=\"21\" class=\"elementor elementor-21\">\n\t\t\t\t\t\t<section class=\"elementor-section elementor-top-section elementor-element elementor-element-342d0224 elementor-section-boxed elementor-section-height-default elementor-section-height-default\" data-id=\"342d0224\" data-element_type=\"section\" data-e-type=\"section\">\n\t\t\t\t\t\t<div class=\"elementor-container elementor-column-gap-default\">\n\t\t\t\t\t<div class=\"elementor-column elementor-col-100 elementor-top-column elementor-element elementor-element-35a3a712\" data-id=\"35a3a712\" data-element_type=\"column\" data-e-type=\"column\">\n\t\t\t<div class=\"elementor-widget-wrap elementor-element-populated\">\n\t\t\t\t\t\t<div class=\"elementor-element elementor-element-13841ffd elementor-widget elementor-widget-text-editor\" data-id=\"13841ffd\" data-element_type=\"widget\" data-e-type=\"widget\" data-widget_type=\"text-editor.default\">\n\t\t\t\t<div class=\"elementor-widget-container\">\n\t\t\t\t\t\t\t\t\t\n<div class=\"wp-block-columns is-layout-flex wp-container-core-columns-is-layout-9d6595d7 wp-block-columns-is-layout-flex\">\n<div class=\"wp-block-column is-layout-flow wp-block-column-is-layout-flow\"><\/div>\n<\/div>\n\n\n\n<div class=\"wp-block-columns is-layout-flex wp-container-core-columns-is-layout-9d6595d7 wp-block-columns-is-layout-flex\">\n<div class=\"wp-block-column is-layout-flow wp-block-column-is-layout-flow\" style=\"flex-basis:66.66%\">\n<figure class=\"wp-block-image size-large is-resized\"><img fetchpriority=\"high\" decoding=\"async\" src=\"https:\/\/conte-fund.org\/wp-content\/uploads\/2021\/06\/image.png\" alt=\"\" class=\"wp-image-183\" width=\"615\" height=\"461\" srcset=\"https:\/\/conte-fund.org\/wp-content\/uploads\/2021\/06\/image.png 494w, https:\/\/conte-fund.org\/wp-content\/uploads\/2021\/06\/image-300x225.png 300w\" sizes=\"(max-width: 615px) 100vw, 615px\" \/><\/figure>\n<\/div>\n\n\n\n<div class=\"wp-block-column is-layout-flow wp-block-column-is-layout-flow\" style=\"flex-basis:33.33%\">\n<p>Madeleine \u00e9tait une femme d\u2019une grande intelligence. Elle fut responsable de la s\u00e9curit\u00e9 des centrales nucl\u00e9aires en France. Elle a pris part avec enthousiasme aux travaux de Rolland. Sa grande g\u00e9n\u00e9rosit\u00e9 et son ouverture d\u2019esprit ont conquis tous ceux qui ont eu la chance de la rencontrer.<br>Rolland Conte \u00e9tait un esprit brillant et un homme de transmission, un mentor, un ami, qui a souhait\u00e9 l\u00e9guer sa d\u00e9couverte, afin que la recherche sur les Hautes Dilution perdure.<\/p>\n<\/div>\n<\/div>\n\n\n\n<p>&nbsp;<\/p>\n\t\t\t\t\t\t\t\t<\/div>\n\t\t\t\t<\/div>\n\t\t\t\t\t<\/div>\n\t\t<\/div>\n\t\t\t\t\t<\/div>\n\t\t<\/section>\n\t\t\t\t<section class=\"elementor-section elementor-top-section elementor-element elementor-element-0b0dab2 elementor-section-boxed elementor-section-height-default elementor-section-height-default\" data-id=\"0b0dab2\" data-element_type=\"section\" data-e-type=\"section\">\n\t\t\t\t\t\t<div class=\"elementor-container elementor-column-gap-default\">\n\t\t\t\t\t<div class=\"elementor-column elementor-col-100 elementor-top-column elementor-element elementor-element-30c7d2f\" data-id=\"30c7d2f\" data-element_type=\"column\" data-e-type=\"column\">\n\t\t\t<div class=\"elementor-widget-wrap\">\n\t\t\t\t\t\t\t<\/div>\n\t\t<\/div>\n\t\t\t\t\t<\/div>\n\t\t<\/section>\n\t\t\t\t<section class=\"elementor-section elementor-top-section elementor-element elementor-element-b13cb9b elementor-section-boxed elementor-section-height-default elementor-section-height-default\" data-id=\"b13cb9b\" data-element_type=\"section\" data-e-type=\"section\">\n\t\t\t\t\t\t<div class=\"elementor-container elementor-column-gap-default\">\n\t\t\t\t\t<div class=\"elementor-column elementor-col-100 elementor-top-column elementor-element elementor-element-6863499\" data-id=\"6863499\" data-element_type=\"column\" data-e-type=\"column\">\n\t\t\t<div class=\"elementor-widget-wrap elementor-element-populated\">\n\t\t\t\t\t\t<div class=\"elementor-element elementor-element-99bcfa5 elementor-widget elementor-widget-text-editor\" data-id=\"99bcfa5\" data-element_type=\"widget\" data-e-type=\"widget\" data-widget_type=\"text-editor.default\">\n\t\t\t\t<div class=\"elementor-widget-container\">\n\t\t\t\t\t\t\t\t\t<p>Les recherches men\u00e9es par Rolland Conte (d\u00e9c\u00e9d\u00e9 en 2014) et son \u00e9quipe montrent<br \/>que l\u2019analyse du spectre des rayonnements b\u00eata \u00e9mis par des \u00e9lectrons entre z\u00e9ro et<br \/>un maximum de 100 keV souligne bien l\u2019\u00e9tat pathologique des sujets humains<br \/>\u00e9tudi\u00e9s et leur \u00e9tat de sant\u00e9.<br \/>Par cons\u00e9quent, la simple analyse de ces spectres chez des patients malades,<br \/>compar\u00e9s \u00e0 ceux de patients sains, produit un spectre informatis\u00e9 des produits<br \/>hom\u00e9opathiques n\u00e9cessaires pour corriger les effets de leurs maladies respectives.<\/p>\n<p>Rolland Conte a laiss\u00e9 son h\u00e9ritage dans une fondation, le FMRC Fonds de<br \/>Dotation Madeleine et Rolland Conte, pour assurer la promotion des r\u00e9sultats<br \/>de la recherche physique fondamentale de son \u00e9quipe et leur application<br \/>concr\u00e8te.<\/p>\t\t\t\t\t\t\t\t<\/div>\n\t\t\t\t<\/div>\n\t\t\t\t\t<\/div>\n\t\t<\/div>\n\t\t\t\t\t<\/div>\n\t\t<\/section>\n\t\t\t\t<\/div>\n\t\t","protected":false},"excerpt":{"rendered":"<p>Madeleine \u00e9tait une femme d\u2019une grande intelligence. Elle fut responsable de la s\u00e9curit\u00e9 des centrales nucl\u00e9aires en France. Elle a pris part avec enthousiasme aux travaux de Rolland. Sa grande g\u00e9n\u00e9rosit\u00e9 et son ouverture d\u2019esprit ont conquis tous ceux qui ont eu la chance de la rencontrer.Rolland Conte \u00e9tait un esprit brillant et un homme &hellip; <\/p>\n<p class=\"link-more\"><a href=\"https:\/\/conte-fund.org\/index.php\/nos-fondateurs\/\" class=\"more-link\">Continuer la lecture <span class=\"screen-reader-text\"> \u00ab\u00a0Nos Fondateurs\u00a0\u00bb<\/span><\/a><\/p>\n","protected":false},"author":1,"featured_media":0,"parent":0,"menu_order":0,"comment_status":"closed","ping_status":"closed","template":"","meta":{"footnotes":""},"class_list":["post-21","page","type-page","status-publish","hentry","entry"],"_links":{"self":[{"href":"https:\/\/conte-fund.org\/index.php\/wp-json\/wp\/v2\/pages\/21","targetHints":{"allow":["GET"]}}],"collection":[{"href":"https:\/\/conte-fund.org\/index.php\/wp-json\/wp\/v2\/pages"}],"about":[{"href":"https:\/\/conte-fund.org\/index.php\/wp-json\/wp\/v2\/types\/page"}],"author":[{"embeddable":true,"href":"https:\/\/conte-fund.org\/index.php\/wp-json\/wp\/v2\/users\/1"}],"replies":[{"embeddable":true,"href":"https:\/\/conte-fund.org\/index.php\/wp-json\/wp\/v2\/comments?post=21"}],"version-history":[{"count":20,"href":"https:\/\/conte-fund.org\/index.php\/wp-json\/wp\/v2\/pages\/21\/revisions"}],"predecessor-version":[{"id":325,"href":"https:\/\/conte-fund.org\/index.php\/wp-json\/wp\/v2\/pages\/21\/revisions\/325"}],"wp:attachment":[{"href":"https:\/\/conte-fund.org\/index.php\/wp-json\/wp\/v2\/media?parent=21"}],"curies":[{"name":"wp","href":"https:\/\/api.w.org\/{rel}","templated":true}]}}