{"id":176,"date":"2021-06-25T15:27:01","date_gmt":"2021-06-25T13:27:01","guid":{"rendered":"https:\/\/conte-fund.org\/?page_id=176"},"modified":"2026-04-09T12:48:10","modified_gmt":"2026-04-09T10:48:10","slug":"les-laureats-du-prix-yves-lasne","status":"publish","type":"page","link":"https:\/\/conte-fund.org\/index.php\/les-laureats-du-prix-yves-lasne\/","title":{"rendered":"Laur\u00e9ats du Prix Yves LASNE"},"content":{"rendered":"\n<p>Depuis la cr\u00e9ation du Fonds, le Prix Yves LASNE a \u00e9t\u00e9 attribu\u00e9 aux personnes suivantes :  <\/p>\n\n\n\n<h2 class=\"wp-block-heading\">2025 : <strong>Michel VAN WASSENHOVEN<\/strong><\/h2>\n\n\n\n<figure class=\"wp-block-image size-full is-resized\"><img fetchpriority=\"high\" decoding=\"async\" width=\"227\" height=\"261\" src=\"https:\/\/conte-fund.org\/wp-content\/uploads\/2026\/04\/MVW1-1.jpg\" alt=\"\" class=\"wp-image-469\" style=\"width:260px;height:auto\"\/><\/figure>\n\n\n\n<p> Le <strong>Dr Michel Van Wassenhoven<\/strong> est m\u00e9decin g\u00e9n\u00e9raliste depuis 1974 (UCL) et figure parmi les personnalit\u00e9s les plus influentes de l\u2019hom\u00e9opathie au niveau europ\u00e9en et international. Admis \u00e0 la \u00ab\u00a0Soci\u00e9t\u00e9 Royale Belge d\u2019Hom\u00e9opathie\u00a0\u00bb en 1981, il est co-fondateur de \u00ab\u00a0l\u2019Unio Homeopathica Belgica\u00a0\u00bb et de sa f\u00e9d\u00e9ration europ\u00e9enne, l\u00a0\u00bbEuropean Committee for Homeopathy (ECH)\u00a0\u00bb.<\/p>\n\n\n\n<p>Tout au long de sa carri\u00e8re, il a occup\u00e9 des fonctions strat\u00e9giques majeures&nbsp;: ancien pr\u00e9sident de la commission d\u2019enregistrement des m\u00e9dicaments hom\u00e9opathiques aupr\u00e8s de l\u2019AFMPS (Agence F\u00e9d\u00e9rale des M\u00e9dicaments et des Produits de Sant\u00e9 en Belgique), membre et coordinateur de diff\u00e9rents comit\u00e9s internationaux pour la recherche scientifique en hom\u00e9opathie, notamment au sein de la \u00ab\u00a0Liga Medicorum Homeopathica Internationalis (LMHI)\u00a0\u00bb.<\/p>\n\n\n\n<p>Auteur de plusieurs ouvrages de r\u00e9f\u00e9rence dont le c\u00e9l\u00e8bre \u00ab\u00a0R\u00e9pertoire Kent +\u00a0\u00bb et \u00ab\u00a0Hom\u00e9opathie&nbsp;: Les compl\u00e9mentarit\u00e9s\u00a0\u00bb, le Dr Van Wassenhoven est \u00e9galement un chercheur prolifique avec pr\u00e8s de 40 publications scientifiques et plus de 590 citations dans la litt\u00e9rature acad\u00e9mique.<\/p>\n\n\n\n<p>En 2014, le Dr Van Wassenhoven cr\u00e9e le projet <strong>DynHom (Dynamisation &amp; Hom\u00e9opathie)<\/strong>, un programme de recherche ind\u00e9pendant visant \u00e0 r\u00e9pondre \u00e0 une question scientifique fondamentale&nbsp;: \u00ab&nbsp;Comment fonctionnent les dilutions hautement dynamis\u00e9es pr\u00e9par\u00e9es selon la pharmacop\u00e9e europ\u00e9enne hom\u00e9opathique&nbsp;?&nbsp;\u00bb <\/p>\n\n\n\n<h2 class=\"wp-block-heading\">2024 : <strong>Leoni BONAMIN<\/strong><\/h2>\n\n\n\n<figure class=\"wp-block-image size-full is-resized\"><img decoding=\"async\" width=\"400\" height=\"518\" src=\"https:\/\/conte-fund.org\/wp-content\/uploads\/2024\/11\/Leoni-Bonamin-400x520-1.jpg\" alt=\"\" class=\"wp-image-411\" style=\"width:260px;height:auto\" srcset=\"https:\/\/conte-fund.org\/wp-content\/uploads\/2024\/11\/Leoni-Bonamin-400x520-1.jpg 400w, https:\/\/conte-fund.org\/wp-content\/uploads\/2024\/11\/Leoni-Bonamin-400x520-1-232x300.jpg 232w\" sizes=\"(max-width: 400px) 100vw, 400px\" \/><\/figure>\n\n\n\n<p>Leoni (n\u00e9e en 1965) est docteur v\u00e9t\u00e9rinaire de l&rsquo;Universit\u00e9 de S\u00e3o Paulo (USP, 1987), titulaire d&rsquo;une ma\u00eetrise (1990) et d&rsquo;un doctorat (1995) en Pathologie Exp\u00e9rimentale et Compar\u00e9e de la m\u00eame universit\u00e9. En 2015, elle a effectu\u00e9 son post-doctorat en Pathologie Environnementale et Exp\u00e9rimentale \u00e0 l&rsquo;Universit\u00e9 Paulista (UNIP, S\u00e3o Paulo), o\u00f9 elle enseigne depuis 1991. Au cours du programme de doctorat, elle a effectu\u00e9 un stage \u00ab en alternance \u00bb \u00e0 l&rsquo;\u00c9cole Nationale V\u00e9t\u00e9rinaire de Lyon &#8211; ENVL &#8211; France (1992-1993) avec le soutien financier d&rsquo;une entit\u00e9 gouvernementale br\u00e9silienne (CAPES).<br>Elle est professeur titulaire de Pathologie au programme de premier cycle en M\u00e9decine V\u00e9t\u00e9rinaire et professeur permanent au Programme de troisi\u00e8me cycle en Pathologie Environnementale et Exp\u00e9rimentale depuis 2003, tous deux offerts par l&rsquo;UNIP de S\u00e3o Paulo.<br>Leoni travaille dans la recherche fondamentale en hom\u00e9opathie et hautes dilutions depuis 1997, date \u00e0 laquelle elle rencontre son principal mentor scientifique, le Prof. Madeleine BASTIDE, de l&rsquo;Universit\u00e9 Montpellier I. En 1998 elle est admise comme membre de la soci\u00e9t\u00e9 scientifique GIRI (\u00abGroupe International de Recherche sur l&rsquo;infinit\u00e9simal\u00bb), fond\u00e9e en 1986. Elle en sera ensuite Pr\u00e9sidente (2002-2008) et vice-pr\u00e9sidente (2008-2014) et r\u00e9dacteur en chef de cette soci\u00e9t\u00e9. Elle a organis\u00e9 deux livres sur les sujets les plus pertinents abord\u00e9s lors des conf\u00e9rences GIRI, le premier publi\u00e9 en 2008 (Springer, ISBN : 978-1-4020-8534-5) et le second publi\u00e9 en 2019 en partenariat avec Prof. Silvia Waisse (Cambridge Scholars Publishing, ISBN : 978-1-5275-3252-6). Depuis 2015, elle est r\u00e9dactrice adjointe du p\u00e9riodique \u00abHomeopathy\u00bb (Thieme Publishers) g\u00e9r\u00e9 par la Facult\u00e9 d&rsquo;Hom\u00e9opathie de Londres. Depuis 2017, elle est r\u00e9dactrice en chef \u00abInternational Journal of High Dilution Research\u00bb \u2013 IJHDR, soutenu par le GIRI et des institutions partenaires. En 2024, Leoni avait une production scientifique remarcable avec 136 articles publi\u00e9s dans des revues scientifiques, 4 livres organis\u00e9s et 12 chapitres de livres, ce qui donne un facteur H = 12 (selon Web of Science).<br>Les th\u00e9matiques de recherches de Leoni sont vari\u00e9es. Au d\u00e9but de sa carri\u00e8re, elle a \u00e9tudi\u00e9 les effets syst\u00e9miques des hautes dilutions chez les rongeurs, puis s\u2019est int\u00e9ress\u00e9e \u00e0 leurs effets cellulaires et mol\u00e9culaires dans des mod\u00e8les in vitro. Actuellement elle d\u00e9veloppe des recherches sur la bio-r\u00e9silience comme mode d&rsquo;action principal des dilutions hom\u00e9opathiques. Pour cela, des mod\u00e8les animaux alternatifs sont utilis\u00e9s, tels que Artemia spp. R\u00e9cemment, en plus du projet TERRA, Leoni s&rsquo;est consacr\u00e9 \u00e0 des \u00e9tudes de terrain sur la tra\u00e7abilit\u00e9 des signes physico-chimiques des hautes dilutions dynamis\u00e9es dans les lacs et les cours d&rsquo;eau, permettant leur utilisation rationnelle et \u00e0 grande \u00e9chelle dans l&rsquo;agriculture, l&rsquo;\u00e9levage et la gestion environnementale. Cette initiative a consolid\u00e9 une nouvelle ligne de recherche appel\u00e9e \u00abhom\u00e9opathie environnementale\u00bb. En 2016, elle a organis\u00e9 un site p\u00e9dagogique sur les recherches qui existent dans ce domaine depuis les ann\u00e9es 1980 (www.biodilutions.com).<\/p>\n\n\n\n<p><\/p>\n\n\n\n<h2 class=\"wp-block-heading\">2022 : <strong>Alex TOURNIER<\/strong> <\/h2>\n\n\n\n<figure class=\"wp-block-image size-full\"><img decoding=\"async\" width=\"200\" height=\"248\" src=\"https:\/\/conte-fund.org\/wp-content\/uploads\/2022\/10\/alex-tournier.jpg\" alt=\"\" class=\"wp-image-399\"\/><\/figure>\n\n\n\n<p>Alex est titulaire d&rsquo;un baccalaur\u00e9at sp\u00e9cialis\u00e9 en physique de l&rsquo;Imperial College et d&rsquo;une ma\u00eetrise en \u00e9tudes avanc\u00e9es en physique th\u00e9orique (alias partie III) de l&rsquo;Universit\u00e9 de Cambridge. Il a \u00e9crit son doctorat sur la biophysique des interactions eau-prot\u00e9ine \u00e0 l&rsquo;Universit\u00e9 de Heidelberg en Allemagne. Alex a \u00e9galement suivi une formation en hom\u00e9opathie au Centre for Homeopathic Education de Londres et est hom\u00e9opathe agr\u00e9\u00e9.<\/p>\n\n\n\n<p>Alex a travaill\u00e9 pendant 10 ans \u00e0 Cancer Research UK (5e institut mondial de biologie mol\u00e9culaire) en tant que chercheur travaillant sur des probl\u00e8mes \u00e0 l&rsquo;interface entre la biologie, la physique et les math\u00e9matiques. Alex a fond\u00e9 l&rsquo;Institut de recherche en hom\u00e9opathie en 2007. Le Dr Tournier a d\u00e9m\u00e9nag\u00e9 en Suisse en 2021 pour poursuivre ses recherches fondamentales \u00e0 l&rsquo;Institut de recherche sur les m\u00e9decines compl\u00e9mentaires (IKIM).<\/p>\n\n\n\n<h2 class=\"wp-block-heading\">2020 : <strong>Marc HENRY<\/strong> <\/h2>\n\n\n\n<p><\/p>\n\n\n\n<figure class=\"wp-block-image size-large is-resized\"><img loading=\"lazy\" decoding=\"async\" width=\"353\" height=\"380\" src=\"https:\/\/conte-fund.org\/wp-content\/uploads\/2021\/06\/MarcHENRY-1.jpg\" alt=\"\" class=\"wp-image-193\" style=\"width:290px;height:312px\" srcset=\"https:\/\/conte-fund.org\/wp-content\/uploads\/2021\/06\/MarcHENRY-1.jpg 353w, https:\/\/conte-fund.org\/wp-content\/uploads\/2021\/06\/MarcHENRY-1-279x300.jpg 279w\" sizes=\"(max-width: 353px) 100vw, 353px\" \/><\/figure>\n\n\n\n<p>Marc HENRY, professeur des universit\u00e9s depuis 1993, sa recherche scientifique a donn\u00e9 lieu \u00e0 environ 140 publications ayant fait l\u2019objet de plus de 10 000 citations. Son enseignement porte&nbsp;sur la chimie, la science des mat\u00e9riaux et la physique quantique.<\/p>\n\n\n\n<p>Ing\u00e9nieur chimiste (1980), docteur \u00e8s science (1988), habilit\u00e9 \u00e0 diriger les recherches (1993), Marc HENRY est un chercheur essayant de comprendre l\u2019eau sous tous ses aspects : physique, chimique, biologique en relation avec les ph\u00e9nom\u00e8nes \u00e9lectromagn\u00e9tiques, mais aussi historien des sciences et \u00e9pist\u00e9mologue ainsi que philosophe essayant de comprendre l\u2019\u00e9mergence du ph\u00e9nom\u00e8ne de conscience en relation avec la physique quantique.<\/p>\n\n\n\n<p>L\u00b4apport du Professeur Marc Henry au projet DynHom, coordonn\u00e9 par le Dr Michel Van Wassenhoven, auquel le FONDS assiste activement, a \u00e9t\u00e9 d\u00e9terminant dans le traitement et l\u2019interpr\u00e9tation des donn\u00e9es de RMN et a contribu\u00e9 \u00e0 mieux faire conna\u00eetre la m\u00e9thodologie pr\u00e9conis\u00e9e par Rolland Conte pour l\u2019analyse de s\u00e9ries temporelles telles que les dilutions hom\u00e9opathiques ou les param\u00e8tres macro-\u00e9conomiques.<\/p>\n\n\n\n<p>Gr\u00e2ce \u00e0 la pers\u00e9v\u00e9rance de Marc Henry et celle de toute l\u2019\u00e9quipe de chercheurs, le premier ouvrage sur la Th\u00e9orie des Hautes Dilutions et aspects exp\u00e9rimentaux paru en 1996 chez Polytechnica a pu \u00eatre r\u00e9f\u00e9renc\u00e9 dans les deux articles publi\u00e9s dans une revue scientifique \u00e0 comit\u00e9 de lecture en 2017 et 2020. C\u2019est \u00e0 ce titre, une premi\u00e8re \u00e9tape vers la reconnaissance du travail men\u00e9 par Rolland Conte et son \u00ab&nbsp;fils spirituel&nbsp;\u00bb Yves Lasne \u00e0 laquelle le FMRC consacre tous ses efforts.<\/p>\n\n\n\n<h2 class=\"wp-block-heading\">2018 : <strong>Pierre DORFMAN<\/strong> <\/h2>\n\n\n\n<figure class=\"wp-block-image size-large is-resized\"><img loading=\"lazy\" decoding=\"async\" width=\"380\" height=\"380\" src=\"https:\/\/conte-fund.org\/wp-content\/uploads\/2021\/06\/Pierre_Dorfman.jpg\" alt=\"\" class=\"wp-image-187\" style=\"width:253px;height:253px\" srcset=\"https:\/\/conte-fund.org\/wp-content\/uploads\/2021\/06\/Pierre_Dorfman.jpg 380w, https:\/\/conte-fund.org\/wp-content\/uploads\/2021\/06\/Pierre_Dorfman-300x300.jpg 300w, https:\/\/conte-fund.org\/wp-content\/uploads\/2021\/06\/Pierre_Dorfman-150x150.jpg 150w\" sizes=\"(max-width: 380px) 100vw, 380px\" \/><\/figure>\n\n\n\n<p>N\u00e9 en 1955, vivant \u00e0 Paris, il a docteur en Hom\u00e9opathie. Il a travaill\u00e9 avec Rolland CONTE en 1993-1997, en tant que Directeur de la Recherche \u00e0 Dolisos, Il a ensuite men\u00e9 de nombreuses recherches en Hautes Dilutions, il est actuellement pr\u00e9sident du Conseil Scientifique du Fonds.<\/p>\n\n\n\n<h2 class=\"wp-block-heading\" id=\"JohnBenneth\">2016 : <strong>John BENNETH<\/strong> <\/h2>\n\n\n\n<figure class=\"wp-block-image is-resized\"><img decoding=\"async\" src=\"https:\/\/secure.gravatar.com\/avatar\/ce11c70a8da714478535208952d0eaed?s=150&amp;d=https%3A%2F%2Fedzardernst.com%2Fwp-content%2Fthemes%2FEE_5_16-1%2Fimages%2Fno-avatar.jpg&amp;r=g\" alt=\"John Benneth received homeopathy's highest award\" style=\"width:268px;height:268px\"\/><\/figure>\n\n\n\n<p>John Benneth est l&rsquo;un des principaux chercheurs et journalistes mondiaux en recherche hom\u00e9opathique fondamentale. Il vit et travaille \u00e0 Portland, Oregon. Il a re\u00e7u un dipl\u00f4me d&rsquo;\u00e9tudes sup\u00e9rieures honorifique du Hahnemann College of Homeopathy de Londres en 2010. Ses r\u00e9alisations incluent le traitement du virus Ebola avec des m\u00e9dicaments hom\u00e9opathiques et \u00e9galementle virus Zika, en coop\u00e9ration avec le d\u00e9partement am\u00e9ricain de la Sant\u00e9. Il a collabor\u00e9 \u00e9troitement avec Rolland CONTE pendant de nombreuses ann\u00e9es.<\/p>\n\n\n\n<h2 class=\"wp-block-heading\">2013 : <strong>Enzo NASTATI<\/strong> <\/h2>\n\n\n\n<figure class=\"wp-block-image size-large\"><img loading=\"lazy\" decoding=\"async\" width=\"240\" height=\"249\" src=\"https:\/\/conte-fund.org\/wp-content\/uploads\/2021\/06\/image-1.png\" alt=\"\" class=\"wp-image-185\"\/><\/figure>\n\n\n\n<p>N\u00e9 en 1948, vivant \u00e0 Udine (Italie), il est sp\u00e9cialiste en agriculture biodynamique. \u2022Il a notamment travaill\u00e9 sur les pr\u00e9parations Homo\u00e9opathiques pour le traitement des plantes&nbsp; en lieux et place des pesticides, avec un succ\u00e8s reconnu mondialement. Il travaille actuellement \u00e0 la promotion de ce syst\u00e8me et \u00e0 la conception d&rsquo;habitation \u00e0 faible empreinte \u00e9nerg\u00e9tique.<\/p>\n\n\n\n<p><\/p>\n","protected":false},"excerpt":{"rendered":"<p>Depuis la cr\u00e9ation du Fonds, le Prix Yves LASNE a \u00e9t\u00e9 attribu\u00e9 aux personnes suivantes : 2025 : Michel VAN WASSENHOVEN Le Dr Michel Van Wassenhoven est m\u00e9decin g\u00e9n\u00e9raliste depuis 1974 (UCL) et figure parmi les personnalit\u00e9s les plus influentes de l\u2019hom\u00e9opathie au niveau europ\u00e9en et international. Admis \u00e0 la \u00ab\u00a0Soci\u00e9t\u00e9 Royale Belge d\u2019Hom\u00e9opathie\u00a0\u00bb en &hellip; <\/p>\n<p class=\"link-more\"><a href=\"https:\/\/conte-fund.org\/index.php\/les-laureats-du-prix-yves-lasne\/\" class=\"more-link\">Continuer la lecture <span class=\"screen-reader-text\"> \u00ab\u00a0Laur\u00e9ats du Prix Yves LASNE\u00a0\u00bb<\/span><\/a><\/p>\n","protected":false},"author":1,"featured_media":0,"parent":0,"menu_order":0,"comment_status":"closed","ping_status":"closed","template":"","meta":{"footnotes":""},"class_list":["post-176","page","type-page","status-publish","hentry","entry"],"_links":{"self":[{"href":"https:\/\/conte-fund.org\/index.php\/wp-json\/wp\/v2\/pages\/176","targetHints":{"allow":["GET"]}}],"collection":[{"href":"https:\/\/conte-fund.org\/index.php\/wp-json\/wp\/v2\/pages"}],"about":[{"href":"https:\/\/conte-fund.org\/index.php\/wp-json\/wp\/v2\/types\/page"}],"author":[{"embeddable":true,"href":"https:\/\/conte-fund.org\/index.php\/wp-json\/wp\/v2\/users\/1"}],"replies":[{"embeddable":true,"href":"https:\/\/conte-fund.org\/index.php\/wp-json\/wp\/v2\/comments?post=176"}],"version-history":[{"count":12,"href":"https:\/\/conte-fund.org\/index.php\/wp-json\/wp\/v2\/pages\/176\/revisions"}],"predecessor-version":[{"id":470,"href":"https:\/\/conte-fund.org\/index.php\/wp-json\/wp\/v2\/pages\/176\/revisions\/470"}],"wp:attachment":[{"href":"https:\/\/conte-fund.org\/index.php\/wp-json\/wp\/v2\/media?parent=176"}],"curies":[{"name":"wp","href":"https:\/\/api.w.org\/{rel}","templated":true}]}}