{"id":172,"date":"2021-06-25T15:20:20","date_gmt":"2021-06-25T13:20:20","guid":{"rendered":"https:\/\/conte-fund.org\/?page_id=172"},"modified":"2025-11-14T15:47:54","modified_gmt":"2025-11-14T13:47:54","slug":"prix-yves-lasne","status":"publish","type":"page","link":"https:\/\/conte-fund.org\/index.php\/prix-yves-lasne\/","title":{"rendered":"Prix Yves LASNE"},"content":{"rendered":"\n<h2 class=\"wp-block-heading\"><strong><em>Acad\u00e9mie priv\u00e9e des Sciences<\/em><\/strong><\/h2>\n\n\n\n<h2 class=\"wp-block-heading\">Le Prix Yves Lasne<\/h2>\n\n\n\n<p><\/p>\n\n\n\n<figure class=\"wp-block-image size-large\"><img fetchpriority=\"high\" decoding=\"async\" width=\"250\" height=\"249\" src=\"https:\/\/conte-fund.org\/wp-content\/uploads\/2021\/06\/pyl.png\" alt=\"\" class=\"wp-image-199\" srcset=\"https:\/\/conte-fund.org\/wp-content\/uploads\/2021\/06\/pyl.png 250w, https:\/\/conte-fund.org\/wp-content\/uploads\/2021\/06\/pyl-150x150.png 150w\" sizes=\"(max-width: 250px) 100vw, 250px\" \/><\/figure>\n\n\n\n<p><strong>Inspir\u00e9 par les travaux d&rsquo;Yves Lasne \u2013 1950-2002 \u2013 <em>in memoriam<\/em><\/strong><\/p>\n\n\n\n<figure class=\"wp-block-image size-large is-resized\"><img decoding=\"async\" width=\"200\" height=\"134\" src=\"https:\/\/conte-fund.org\/wp-content\/uploads\/2021\/06\/ylrrc2.jpg\" alt=\"\" class=\"wp-image-197\" style=\"width:380px;height:255px\"\/><\/figure>\n\n\n\n<p><strong>Promotion de la recherche sur les applications des hautes dilutions,<\/strong> <strong>au service de l&rsquo;Homme et de son alimentation.<\/strong><\/p>\n\n\n\n<p>Yves Lasne \u00e9tait un M\u00e9decin universitaire Lyonnais, titulaire de dipl\u00f4mes tr\u00e8s vari\u00e9s, il a particip\u00e9 \u00e0 de nombreuses \u00e9tudes. Ancien Internes des Hospices civiles de Lyon \u00e0 l&rsquo;h\u00f4pital Edouard Herriot, il avait mis en \u00e9vidence de nombreuses corr\u00e9lations entre la mesure RMN in vitro et in-vivo et les capacit\u00e9s de gu\u00e9rison des \u00eatres vivants. \u2022Il avait \u00e9crit un livre r\u00e9sumant ses d\u00e9couvertes en 1993 : \u00ab\u00a0L&rsquo;hom\u00e9opathie : traitement de\/par l&rsquo;information\u00a0\u00bb. \u2022Il a ensuite \u00e9t\u00e9 un contributeur important \u00e0 la r\u00e9daction des deux livres \u00ab\u00a0Th\u00e9orie des hautes Dilutions\u00a0\u00bb, \u00ab\u00a0aspects exp\u00e9rimentaux\u00a0\u00bb, puis \u00ab\u00a0application au vivant\u00a0\u00bb, en collaboration avec Rolland Conte et Henri Berliocchi.<\/p>\n\n\n\n<p><strong>Le FMRC a cr\u00e9\u00e9 ce prix \u00ab Yves Lasne \u00bb,<strong> d\u00e9sormais annuel<\/strong><\/strong>;<strong>  \u00e0 attribuer \u00e0 un chercheur sur un th\u00e8me de biophysique appliqu\u00e9 aux hautes dilutions.<\/strong><\/p>\n","protected":false},"excerpt":{"rendered":"<p>Acad\u00e9mie priv\u00e9e des Sciences Le Prix Yves Lasne Inspir\u00e9 par les travaux d&rsquo;Yves Lasne \u2013 1950-2002 \u2013 in memoriam Promotion de la recherche sur les applications des hautes dilutions, au service de l&rsquo;Homme et de son alimentation. Yves Lasne \u00e9tait un M\u00e9decin universitaire Lyonnais, titulaire de dipl\u00f4mes tr\u00e8s vari\u00e9s, il a particip\u00e9 \u00e0 de nombreuses &hellip; <\/p>\n<p class=\"link-more\"><a href=\"https:\/\/conte-fund.org\/index.php\/prix-yves-lasne\/\" class=\"more-link\">Continuer la lecture <span class=\"screen-reader-text\"> \u00ab\u00a0Prix Yves LASNE\u00a0\u00bb<\/span><\/a><\/p>\n","protected":false},"author":1,"featured_media":0,"parent":0,"menu_order":0,"comment_status":"closed","ping_status":"closed","template":"","meta":{"footnotes":""},"class_list":["post-172","page","type-page","status-publish","hentry","entry"],"_links":{"self":[{"href":"https:\/\/conte-fund.org\/index.php\/wp-json\/wp\/v2\/pages\/172","targetHints":{"allow":["GET"]}}],"collection":[{"href":"https:\/\/conte-fund.org\/index.php\/wp-json\/wp\/v2\/pages"}],"about":[{"href":"https:\/\/conte-fund.org\/index.php\/wp-json\/wp\/v2\/types\/page"}],"author":[{"embeddable":true,"href":"https:\/\/conte-fund.org\/index.php\/wp-json\/wp\/v2\/users\/1"}],"replies":[{"embeddable":true,"href":"https:\/\/conte-fund.org\/index.php\/wp-json\/wp\/v2\/comments?post=172"}],"version-history":[{"count":5,"href":"https:\/\/conte-fund.org\/index.php\/wp-json\/wp\/v2\/pages\/172\/revisions"}],"predecessor-version":[{"id":454,"href":"https:\/\/conte-fund.org\/index.php\/wp-json\/wp\/v2\/pages\/172\/revisions\/454"}],"wp:attachment":[{"href":"https:\/\/conte-fund.org\/index.php\/wp-json\/wp\/v2\/media?parent=172"}],"curies":[{"name":"wp","href":"https:\/\/api.w.org\/{rel}","templated":true}]}}