{"id":12,"date":"2021-06-10T23:57:25","date_gmt":"2021-06-10T21:57:25","guid":{"rendered":"https:\/\/conte-fund.org\/?page_id=12"},"modified":"2025-07-23T12:37:52","modified_gmt":"2025-07-23T10:37:52","slug":"nos-projets","status":"publish","type":"page","link":"https:\/\/conte-fund.org\/index.php\/nos-projets\/","title":{"rendered":"Nos projets"},"content":{"rendered":"\t\t<div data-elementor-type=\"wp-page\" data-elementor-id=\"12\" class=\"elementor elementor-12\">\n\t\t\t\t\t\t<section class=\"elementor-section elementor-top-section elementor-element elementor-element-107244ba elementor-section-boxed elementor-section-height-default elementor-section-height-default\" data-id=\"107244ba\" data-element_type=\"section\" data-e-type=\"section\">\n\t\t\t\t\t\t<div class=\"elementor-container elementor-column-gap-default\">\n\t\t\t\t\t<div class=\"elementor-column elementor-col-100 elementor-top-column elementor-element elementor-element-287c722c\" data-id=\"287c722c\" data-element_type=\"column\" data-e-type=\"column\">\n\t\t\t<div class=\"elementor-widget-wrap elementor-element-populated\">\n\t\t\t\t\t\t<div class=\"elementor-element elementor-element-c14669c elementor-widget elementor-widget-text-editor\" data-id=\"c14669c\" data-element_type=\"widget\" data-e-type=\"widget\" data-widget_type=\"text-editor.default\">\n\t\t\t\t<div class=\"elementor-widget-container\">\n\t\t\t\t\t\t\t\t\t<h4><span lang=\"fr\"><span><span>Groupe de travail de recherche FMRC TERRA <\/span><\/span><\/span><\/h4>\n<p><span lang=\"fr\"><span><span>En juin 2023, suite \u00e0 l&rsquo;\u00e9v\u00e9nement HRI \u00e0 Londres, un groupe de recherche a \u00e9t\u00e9 cr\u00e9\u00e9 sous l&rsquo;impulsion du FMRC, concernant le d\u00e9veloppement et l&rsquo;application des hautes dilutions dynamis\u00e9es \u00e0 l&rsquo;agro-\u00e9conomie et \u00e0 l&rsquo;environnement.<\/span><\/span><span><span> Les hautes dilutions dynamis\u00e9es sont le r\u00e9sultat d&rsquo;un processus physique dans le contexte de la m\u00e9canique quantique, en particulier de l&rsquo;\u00e9lectrodynamique quantique, appartenant \u00e0 la science de la physique, \u00e0 ses recherches et \u00e0 ses m\u00e9thodes.<\/span><\/span><\/span><\/p>\n<p><span lang=\"fr\"><span><span>Historiquement, les hautes dilutions se rapportent au champ de d\u00e9veloppement de l&rsquo;hom\u00e9opathie, cr\u00e9\u00e9e par Samuel Hahnemann il y a plusieurs si\u00e8cles, cependant les hautes dilutions dynamis\u00e9es en tant que processus font intrins\u00e8quement partie de la physique.<\/span><\/span> <span><span>N\u00e9anmoins, le groupe de recherche TERRA reste fid\u00e8le aux recherches historiques de Hahnemann mais comprend que la port\u00e9e et la mission de ses recherches appartiennent toutes deux au corpus scientifique de la physique.<\/span><\/span><span><span> L&rsquo;objectif des recherches futures men\u00e9es par TERRA sera d&rsquo;appliquer les dilutions dynamis\u00e9es (\u00e9lev\u00e9es) \u00e0 l&rsquo;agro\u00e9conomie, \u00e0 l&rsquo;environnement en g\u00e9n\u00e9ral, \u00e0 la faune et \u00e0 la flore de la nature, en quantifiant les signaux \u00e9mis par ces dilutions par des m\u00e9thodes bien d\u00e9finies telles que la RMN, la spectroscopie et autres, afin de rendre plausibles leurs effets sur les processus de bio-r\u00e9silience qui conduisent \u00e0 une productivit\u00e9 durable.<\/span><\/span><span><span> \u00c0 la suite de ces recherches ult\u00e9rieures, la quantification de l&rsquo;interface entre la mati\u00e8re dilu\u00e9e (dilutions dynamis\u00e9es), ses signaux d&rsquo;\u00e9mission et le riche contexte de la biologie sera au centre, afin de d\u00e9velopper et de mettre en \u0153uvre des m\u00e9thodes et des produits qui r\u00e9duiront l&rsquo;impact nocif des pesticides, am\u00e9lioreront et catalyseront les r\u00e9sultats de la fertilisation, r\u00e9duiront la consommation globale d&rsquo;eau pure en agro-\u00e9conomie et r\u00e9duiront ainsi \u00e9galement l&#8217;empreinte carbone dans ce secteur vital de l&rsquo;\u00e9conomie et de la soci\u00e9t\u00e9 mondiales.<\/span><\/span><span><span> Cette d\u00e9claration repr\u00e9sente le premier livre blanc r\u00e9capitulatif \u00e9labor\u00e9 par le groupe de travail TERRA sous la coordination du professeur Leoni Bonamin et du Dr Pierre Dorfman.<br><\/span><\/span><\/span><a href=\"https:\/\/www.coventry.ac.uk\/research\/research-directories\/projects\/2025\/terra-health-solutions-wheat\/\" target=\"_blank\">Un projet tr\u00e8s prometteur est men\u00e9 par Leonardo FAEDO \u00e0 l&rsquo;universit\u00e9 de Coventry<\/a>.<\/p>\n<h4><a href=\"http:\/\/www.homeopathie-unio.be\/research\/36\/200\/DynHom\" target=\"_blank\" rel=\"noopener\"><strong>DYNHOM<\/strong><\/a><\/h4>\n<p><span lang=\"fr\"><span><span>En mai 2017, s&rsquo;est tenue \u00e0 Bruxelles une Conf\u00e9rence DYNHOM qui a pr\u00e9sent\u00e9 les premiers travaux de cette association et dont les principales conclusions ont \u00e9t\u00e9 les suivantes : <\/span><\/span><\/span><\/p>\n<ul>\n<li><span lang=\"fr\"><span><span>La grande rigueur avec laquelle ces travaux ont \u00e9t\u00e9 men\u00e9s, qui nous permettront de nous appuyer sur cela pour construire d&rsquo;autres recherches scientifiques tr\u00e8s approfondies, nous am\u00e8ne \u00e0 conclure qu&rsquo;il n&rsquo;y a pas lieu de refaire des mesures avant de d\u00e9poser le brevet.<\/span><\/span> <\/span><\/li>\n<li><span lang=\"fr\"><span><span>L&rsquo;action des hautes dilutions sur l&rsquo;ARN messager, conduisant \u00e0 moduler tr\u00e8s fortement l&rsquo;expression des g\u00e8nes et donc la production de certaines prot\u00e9ines, expliquant le m\u00e9canisme microscopique d&rsquo;action de la HD.<\/span><\/span> <span><span>C&rsquo;est une avanc\u00e9e dans le COMMENT.<\/span><\/span> <\/span><\/li>\n<\/ul>\n<p><span lang=\"fr\"><span><span>Nous continuons de suivre ces travaux tr\u00e8s prometteurs, men\u00e9s notamment par le Dr Michel Van Wassenhoven).<\/span><\/span><span><span> DYNHOM a b\u00e9n\u00e9fici\u00e9 des dons du Fonds pour poursuivre ses recherches.<\/span><\/span><\/span><\/p>\n<h4><a href=\"https:\/\/www.wrl-lab.org\/\" target=\"_blank\" rel=\"noopener\"><strong>Water Research Lab<\/strong><\/a><\/h4>\n<p>Ce laboratoire de recherche, men\u00e9 par <a href=\"https:\/\/www.linkedin.com\/in\/alextournier\/\" target=\"_blank\" rel=\"noopener\">Alexander TOURNIER<\/a>, a men\u00e9 de tr\u00e8s int\u00e9ressantes et tr\u00e8s rigoureuses \u00e9tudes sur le comportement de l&rsquo;eau et des hautes dilutions.<\/p>\n<p>Water Research Lab a b\u00e9n\u00e9fici\u00e9 de dons de la part du Fonds.<\/p>\n<h4><strong>Atelier Hom\u00e9opathie et Physique Quantique<\/strong><\/h4>\n<p>En septembre 2016 a eu lieu un important atelier \u00e0 Paris, qui regroupait le <a href=\"https:\/\/johnbenneth.wordpress.com\/\" target=\"_blank\" rel=\"noopener\">Dr John BENNETH<\/a>, le <a href=\"https:\/\/sauravarora.com\/\" target=\"_blank\" rel=\"noopener\">Docteur Saurav ARORA<\/a>. Cet atelier a permis de mettre en \u00e9vidence le chemin parcouru et celui restant pour caract\u00e9riser les hautes dilutions.<\/p>\t\t\t\t\t\t\t\t<\/div>\n\t\t\t\t<\/div>\n\t\t\t\t\t<\/div>\n\t\t<\/div>\n\t\t\t\t\t<\/div>\n\t\t<\/section>\n\t\t\t\t<\/div>\n\t\t","protected":false},"excerpt":{"rendered":"<p>Groupe de travail de recherche FMRC TERRA En juin 2023, suite \u00e0 l&rsquo;\u00e9v\u00e9nement HRI \u00e0 Londres, un groupe de recherche a \u00e9t\u00e9 cr\u00e9\u00e9 sous l&rsquo;impulsion du FMRC, concernant le d\u00e9veloppement et l&rsquo;application des hautes dilutions dynamis\u00e9es \u00e0 l&rsquo;agro-\u00e9conomie et \u00e0 l&rsquo;environnement. Les hautes dilutions dynamis\u00e9es sont le r\u00e9sultat d&rsquo;un processus physique dans le contexte de &hellip; <\/p>\n<p class=\"link-more\"><a href=\"https:\/\/conte-fund.org\/index.php\/nos-projets\/\" class=\"more-link\">Continuer la lecture <span class=\"screen-reader-text\"> \u00ab\u00a0Nos projets\u00a0\u00bb<\/span><\/a><\/p>\n","protected":false},"author":1,"featured_media":0,"parent":0,"menu_order":0,"comment_status":"closed","ping_status":"closed","template":"","meta":{"footnotes":""},"class_list":["post-12","page","type-page","status-publish","hentry","entry"],"_links":{"self":[{"href":"https:\/\/conte-fund.org\/index.php\/wp-json\/wp\/v2\/pages\/12","targetHints":{"allow":["GET"]}}],"collection":[{"href":"https:\/\/conte-fund.org\/index.php\/wp-json\/wp\/v2\/pages"}],"about":[{"href":"https:\/\/conte-fund.org\/index.php\/wp-json\/wp\/v2\/types\/page"}],"author":[{"embeddable":true,"href":"https:\/\/conte-fund.org\/index.php\/wp-json\/wp\/v2\/users\/1"}],"replies":[{"embeddable":true,"href":"https:\/\/conte-fund.org\/index.php\/wp-json\/wp\/v2\/comments?post=12"}],"version-history":[{"count":14,"href":"https:\/\/conte-fund.org\/index.php\/wp-json\/wp\/v2\/pages\/12\/revisions"}],"predecessor-version":[{"id":445,"href":"https:\/\/conte-fund.org\/index.php\/wp-json\/wp\/v2\/pages\/12\/revisions\/445"}],"wp:attachment":[{"href":"https:\/\/conte-fund.org\/index.php\/wp-json\/wp\/v2\/media?parent=12"}],"curies":[{"name":"wp","href":"https:\/\/api.w.org\/{rel}","templated":true}]}}